{"id":12894,"date":"2026-03-05T11:44:14","date_gmt":"2026-03-05T09:44:14","guid":{"rendered":"https:\/\/www.ifjerusalem-romaingary.org\/?page_id=12894"},"modified":"2026-03-16T09:40:40","modified_gmt":"2026-03-16T07:40:40","slug":"ateliers-theatre-adultes-jeune-public","status":"publish","type":"page","link":"https:\/\/www.ifjerusalem-romaingary.org\/he\/ateliers-theatre-adultes-jeune-public\/","title":{"rendered":"ATELIERS TH\u00c9\u00c2TRE \u2013 ADULTES &#038; JEUNE PUBLIC"},"content":{"rendered":"<p class=\"p1\"><b>ATELIERS TH\u00c9\u00c2TRE \u2013 ADULTES &amp; JEUNE PUBLIC<\/b><\/p>\n<p class=\"p1\">Montez sur sc\u00e8ne, prenez la parole, osez jouer en fran\u00e7ais !<\/p>\n<p class=\"p1\">L\u2019Institut fran\u00e7ais de J\u00e9rusalem \u2013 Romain Gary vous invite \u00e0 vivre le fran\u00e7ais autrement \u00e0 travers ses ateliers de th\u00e9\u00e2tre, ouverts aux francophones comme aux apprenants, tout au long de l\u2019ann\u00e9e.<\/p>\n<p class=\"p1\"><b>Improvisation, mise en sc\u00e8ne, lecture de textes, travail de la voix et du corps<\/b> : chaque s\u00e9ance est une aventure collective o\u00f9 l\u2019on apprend en jouant, o\u00f9 l\u2019on progresse en cr\u00e9ant.<\/p>\n<p class=\"p1\"><b>Atelier adultes<\/b> \u2013 3h par semaine pour explorer des textes, d\u00e9velopper son aisance orale et gagner en confiance (niveau interm\u00e9diaire recommand\u00e9).<br \/>\n<b>Atelier Jeune Public<\/b> \u2013 2h par semaine pour d\u00e9couvrir le plaisir du fran\u00e7ais par le jeu, l\u2019imaginaire et l\u2019expression sc\u00e9nique.<\/p>\n<p class=\"p1\">Un rendez-vous hebdomadaire dynamique, bienveillant et cr\u00e9atif pour perfectionner son fran\u00e7ais tout en partageant l\u2019\u00e9nergie du groupe.<\/p>\n<p class=\"p1\"><b>Rejoignez-nous d\u00e8s maintenant et entrez en sc\u00e8ne !<\/b><b><\/b><\/p>\n<p class=\"p1\"><span class=\"s1\">\ud83d\udce7<\/span> Plus d\u2019informations sur les diff\u00e9rentes modalit\u00e9s d\u2019abonnement :<br \/>\n<span class=\"s1\">\ud83d\udcf1<\/span> 050-4004201 (WhatsApp)<\/p>\n<hr \/>\n<p class=\"p2\"><b>THEATRE WORKSHOPS \u2013 ADULTS &amp; YOUNG AUDIENCE<\/b><\/p>\n<p class=\"p2\">Step onto the stage, find your voice, dare to perform in French!<\/p>\n<p class=\"p2\">The Institut fran\u00e7ais de J\u00e9rusalem \u2013 Romain Gary invites you to experience French in a different way through its theatre workshops, open to both francophones and learners, all year round.<\/p>\n<p class=\"p2\">Improvisation, staging, text reading, voice and body work: each session is a collective adventure where you learn by playing and grow by creating.<\/p>\n<p class=\"p2\"><b>Adult Workshop<\/b> \u2013 3 hours per week to explore texts, develop oral fluency, and build confidence (intermediate level recommended).<\/p>\n<p class=\"p2\"><b>Young Audience Workshop<\/b> \u2013 2 hours per week to discover the joy of French through play, imagination, and stage expression.<\/p>\n<p class=\"p2\">A dynamic, supportive, and creative weekly meeting to improve your French while sharing the energy of the group.<\/p>\n<p class=\"p2\">Join us now and take the stage!<\/p>\n<p class=\"p2\">More information about the different subscription options.<br \/>\n050-4004201 (WhatsApp)<\/p>\n","protected":false},"excerpt":{"rendered":"<p>ATELIERS TH\u00c9\u00c2TRE \u2013 ADULTES &amp; JEUNE PUBLIC Montez sur sc\u00e8ne, prenez la parole, osez jouer en fran\u00e7ais ! L\u2019Institut fran\u00e7ais de J\u00e9rusalem \u2013 Romain Gary vous invite \u00e0 vivre le fran\u00e7ais autrement \u00e0 travers ses ateliers de th\u00e9\u00e2tre, ouverts aux francophones comme aux apprenants, tout au long de l\u2019ann\u00e9e. Improvisation, mise en sc\u00e8ne, lecture de &hellip;<\/p>\n","protected":false},"author":1,"featured_media":0,"parent":0,"menu_order":0,"comment_status":"closed","ping_status":"closed","template":"","meta":{"_exactmetrics_skip_tracking":false,"_exactmetrics_sitenote_active":false,"_exactmetrics_sitenote_note":"","_exactmetrics_sitenote_category":0,"footnotes":""},"class_list":["post-12894","page","type-page","status-publish",""],"yoast_head":"<!-- This site is optimized with the Yoast SEO plugin v26.6 - https:\/\/yoast.com\/wordpress\/plugins\/seo\/ -->\n<title>ATELIERS TH\u00c9\u00c2TRE \u2013 ADULTES &amp; JEUNE PUBLIC - Institut Fran\u00e7ais de J\u00e9rusalem<\/title>\n<meta name=\"robots\" content=\"index, follow, max-snippet:-1, max-image-preview:large, max-video-preview:-1\" \/>\n<link rel=\"canonical\" href=\"https:\/\/www.ifjerusalem-romaingary.org\/he\/ateliers-theatre-adultes-jeune-public\/\" \/>\n<meta property=\"og:locale\" content=\"he_IL\" \/>\n<meta property=\"og:type\" content=\"article\" \/>\n<meta property=\"og:title\" content=\"ATELIERS TH\u00c9\u00c2TRE \u2013 ADULTES &amp; JEUNE PUBLIC - Institut Fran\u00e7ais de J\u00e9rusalem\" \/>\n<meta property=\"og:description\" content=\"ATELIERS TH\u00c9\u00c2TRE \u2013 ADULTES &amp; JEUNE PUBLIC Montez sur sc\u00e8ne, prenez la parole, osez jouer en fran\u00e7ais ! L\u2019Institut fran\u00e7ais de J\u00e9rusalem \u2013 Romain Gary vous invite \u00e0 vivre le fran\u00e7ais autrement \u00e0 travers ses ateliers de th\u00e9\u00e2tre, ouverts aux francophones comme aux apprenants, tout au long de l\u2019ann\u00e9e. Improvisation, mise en sc\u00e8ne, lecture de &hellip;\" \/>\n<meta property=\"og:url\" content=\"https:\/\/www.ifjerusalem-romaingary.org\/he\/ateliers-theatre-adultes-jeune-public\/\" \/>\n<meta property=\"og:site_name\" content=\"Institut Fran\u00e7ais de J\u00e9rusalem\" \/>\n<meta property=\"article:publisher\" content=\"https:\/\/www.facebook.com\/IFJGary\/\" \/>\n<meta property=\"article:modified_time\" content=\"2026-03-16T07:40:40+00:00\" \/>\n<meta property=\"og:image\" content=\"https:\/\/www.ifjerusalem-romaingary.org\/wp-content\/uploads\/2020\/01\/logo-Cons-Jerusalem-IFJ-2016@2x.png\" \/>\n\t<meta property=\"og:image:width\" content=\"480\" \/>\n\t<meta property=\"og:image:height\" content=\"163\" \/>\n\t<meta property=\"og:image:type\" content=\"image\/png\" \/>\n<meta name=\"twitter:card\" content=\"summary_large_image\" \/>\n<meta name=\"twitter:site\" content=\"@ifjromaingary\" \/>\n<meta name=\"twitter:label1\" content=\"\u05d6\u05de\u05df \u05e7\u05e8\u05d9\u05d0\u05d4 \u05de\u05d5\u05e2\u05e8\u05da\" \/>\n\t<meta name=\"twitter:data1\" content=\"2 \u05d3\u05e7\u05d5\u05ea\" \/>\n<script type=\"application\/ld+json\" class=\"yoast-schema-graph\">{\"@context\":\"https:\/\/schema.org\",\"@graph\":[{\"@type\":\"WebPage\",\"@id\":\"https:\/\/www.ifjerusalem-romaingary.org\/he\/ateliers-theatre-adultes-jeune-public\/\",\"url\":\"https:\/\/www.ifjerusalem-romaingary.org\/he\/ateliers-theatre-adultes-jeune-public\/\",\"name\":\"ATELIERS TH\u00c9\u00c2TRE \u2013 ADULTES & JEUNE PUBLIC - Institut Fran\u00e7ais de J\u00e9rusalem\",\"isPartOf\":{\"@id\":\"https:\/\/www.ifjerusalem-romaingary.org\/he\/#website\"},\"datePublished\":\"2026-03-05T09:44:14+00:00\",\"dateModified\":\"2026-03-16T07:40:40+00:00\",\"breadcrumb\":{\"@id\":\"https:\/\/www.ifjerusalem-romaingary.org\/he\/ateliers-theatre-adultes-jeune-public\/#breadcrumb\"},\"inLanguage\":\"he-IL\",\"potentialAction\":[{\"@type\":\"ReadAction\",\"target\":[\"https:\/\/www.ifjerusalem-romaingary.org\/he\/ateliers-theatre-adultes-jeune-public\/\"]}]},{\"@type\":\"BreadcrumbList\",\"@id\":\"https:\/\/www.ifjerusalem-romaingary.org\/he\/ateliers-theatre-adultes-jeune-public\/#breadcrumb\",\"itemListElement\":[{\"@type\":\"ListItem\",\"position\":1,\"name\":\"Accueil\",\"item\":\"https:\/\/www.ifjerusalem-romaingary.org\/he\/accueil\/\"},{\"@type\":\"ListItem\",\"position\":2,\"name\":\"ATELIERS TH\u00c9\u00c2TRE \u2013 ADULTES &#038; JEUNE PUBLIC\"}]},{\"@type\":\"WebSite\",\"@id\":\"https:\/\/www.ifjerusalem-romaingary.org\/he\/#website\",\"url\":\"https:\/\/www.ifjerusalem-romaingary.org\/he\/\",\"name\":\"Institut Fran\u00e7ais de J\u00e9rusalem\",\"description\":\"Romain Gary\",\"publisher\":{\"@id\":\"https:\/\/www.ifjerusalem-romaingary.org\/he\/#organization\"},\"potentialAction\":[{\"@type\":\"SearchAction\",\"target\":{\"@type\":\"EntryPoint\",\"urlTemplate\":\"https:\/\/www.ifjerusalem-romaingary.org\/he\/?s={search_term_string}\"},\"query-input\":{\"@type\":\"PropertyValueSpecification\",\"valueRequired\":true,\"valueName\":\"search_term_string\"}}],\"inLanguage\":\"he-IL\"},{\"@type\":\"Organization\",\"@id\":\"https:\/\/www.ifjerusalem-romaingary.org\/he\/#organization\",\"name\":\"Institut fran\u00e7ais de Jerusalem\",\"url\":\"https:\/\/www.ifjerusalem-romaingary.org\/he\/\",\"logo\":{\"@type\":\"ImageObject\",\"inLanguage\":\"he-IL\",\"@id\":\"https:\/\/www.ifjerusalem-romaingary.org\/he\/#\/schema\/logo\/image\/\",\"url\":\"https:\/\/www.ifjerusalem-romaingary.org\/wp-content\/uploads\/2020\/01\/logo-Cons-Jerusalem-IFJ-2016@2x.png\",\"contentUrl\":\"https:\/\/www.ifjerusalem-romaingary.org\/wp-content\/uploads\/2020\/01\/logo-Cons-Jerusalem-IFJ-2016@2x.png\",\"width\":480,\"height\":163,\"caption\":\"Institut fran\u00e7ais de Jerusalem\"},\"image\":{\"@id\":\"https:\/\/www.ifjerusalem-romaingary.org\/he\/#\/schema\/logo\/image\/\"},\"sameAs\":[\"https:\/\/www.facebook.com\/IFJGary\/\",\"https:\/\/x.com\/ifjromaingary\"]}]}<\/script>\n<!-- \/ Yoast SEO plugin. -->","yoast_head_json":{"title":"ATELIERS TH\u00c9\u00c2TRE \u2013 ADULTES & JEUNE PUBLIC - Institut Fran\u00e7ais de J\u00e9rusalem","robots":{"index":"index","follow":"follow","max-snippet":"max-snippet:-1","max-image-preview":"max-image-preview:large","max-video-preview":"max-video-preview:-1"},"canonical":"https:\/\/www.ifjerusalem-romaingary.org\/he\/ateliers-theatre-adultes-jeune-public\/","og_locale":"he_IL","og_type":"article","og_title":"ATELIERS TH\u00c9\u00c2TRE \u2013 ADULTES & JEUNE PUBLIC - Institut Fran\u00e7ais de J\u00e9rusalem","og_description":"ATELIERS TH\u00c9\u00c2TRE \u2013 ADULTES &amp; JEUNE PUBLIC Montez sur sc\u00e8ne, prenez la parole, osez jouer en fran\u00e7ais ! L\u2019Institut fran\u00e7ais de J\u00e9rusalem \u2013 Romain Gary vous invite \u00e0 vivre le fran\u00e7ais autrement \u00e0 travers ses ateliers de th\u00e9\u00e2tre, ouverts aux francophones comme aux apprenants, tout au long de l\u2019ann\u00e9e. Improvisation, mise en sc\u00e8ne, lecture de &hellip;","og_url":"https:\/\/www.ifjerusalem-romaingary.org\/he\/ateliers-theatre-adultes-jeune-public\/","og_site_name":"Institut Fran\u00e7ais de J\u00e9rusalem","article_publisher":"https:\/\/www.facebook.com\/IFJGary\/","article_modified_time":"2026-03-16T07:40:40+00:00","og_image":[{"width":480,"height":163,"url":"https:\/\/www.ifjerusalem-romaingary.org\/wp-content\/uploads\/2020\/01\/logo-Cons-Jerusalem-IFJ-2016@2x.png","type":"image\/png"}],"twitter_card":"summary_large_image","twitter_site":"@ifjromaingary","twitter_misc":{"\u05d6\u05de\u05df \u05e7\u05e8\u05d9\u05d0\u05d4 \u05de\u05d5\u05e2\u05e8\u05da":"2 \u05d3\u05e7\u05d5\u05ea"},"schema":{"@context":"https:\/\/schema.org","@graph":[{"@type":"WebPage","@id":"https:\/\/www.ifjerusalem-romaingary.org\/he\/ateliers-theatre-adultes-jeune-public\/","url":"https:\/\/www.ifjerusalem-romaingary.org\/he\/ateliers-theatre-adultes-jeune-public\/","name":"ATELIERS TH\u00c9\u00c2TRE \u2013 ADULTES & JEUNE PUBLIC - Institut Fran\u00e7ais de J\u00e9rusalem","isPartOf":{"@id":"https:\/\/www.ifjerusalem-romaingary.org\/he\/#website"},"datePublished":"2026-03-05T09:44:14+00:00","dateModified":"2026-03-16T07:40:40+00:00","breadcrumb":{"@id":"https:\/\/www.ifjerusalem-romaingary.org\/he\/ateliers-theatre-adultes-jeune-public\/#breadcrumb"},"inLanguage":"he-IL","potentialAction":[{"@type":"ReadAction","target":["https:\/\/www.ifjerusalem-romaingary.org\/he\/ateliers-theatre-adultes-jeune-public\/"]}]},{"@type":"BreadcrumbList","@id":"https:\/\/www.ifjerusalem-romaingary.org\/he\/ateliers-theatre-adultes-jeune-public\/#breadcrumb","itemListElement":[{"@type":"ListItem","position":1,"name":"Accueil","item":"https:\/\/www.ifjerusalem-romaingary.org\/he\/accueil\/"},{"@type":"ListItem","position":2,"name":"ATELIERS TH\u00c9\u00c2TRE \u2013 ADULTES &#038; JEUNE PUBLIC"}]},{"@type":"WebSite","@id":"https:\/\/www.ifjerusalem-romaingary.org\/he\/#website","url":"https:\/\/www.ifjerusalem-romaingary.org\/he\/","name":"Institut Fran\u00e7ais de J\u00e9rusalem","description":"Romain Gary","publisher":{"@id":"https:\/\/www.ifjerusalem-romaingary.org\/he\/#organization"},"potentialAction":[{"@type":"SearchAction","target":{"@type":"EntryPoint","urlTemplate":"https:\/\/www.ifjerusalem-romaingary.org\/he\/?s={search_term_string}"},"query-input":{"@type":"PropertyValueSpecification","valueRequired":true,"valueName":"search_term_string"}}],"inLanguage":"he-IL"},{"@type":"Organization","@id":"https:\/\/www.ifjerusalem-romaingary.org\/he\/#organization","name":"Institut fran\u00e7ais de Jerusalem","url":"https:\/\/www.ifjerusalem-romaingary.org\/he\/","logo":{"@type":"ImageObject","inLanguage":"he-IL","@id":"https:\/\/www.ifjerusalem-romaingary.org\/he\/#\/schema\/logo\/image\/","url":"https:\/\/www.ifjerusalem-romaingary.org\/wp-content\/uploads\/2020\/01\/logo-Cons-Jerusalem-IFJ-2016@2x.png","contentUrl":"https:\/\/www.ifjerusalem-romaingary.org\/wp-content\/uploads\/2020\/01\/logo-Cons-Jerusalem-IFJ-2016@2x.png","width":480,"height":163,"caption":"Institut fran\u00e7ais de Jerusalem"},"image":{"@id":"https:\/\/www.ifjerusalem-romaingary.org\/he\/#\/schema\/logo\/image\/"},"sameAs":["https:\/\/www.facebook.com\/IFJGary\/","https:\/\/x.com\/ifjromaingary"]}]}},"_links":{"self":[{"href":"https:\/\/www.ifjerusalem-romaingary.org\/he\/wp-json\/wp\/v2\/pages\/12894","targetHints":{"allow":["GET"]}}],"collection":[{"href":"https:\/\/www.ifjerusalem-romaingary.org\/he\/wp-json\/wp\/v2\/pages"}],"about":[{"href":"https:\/\/www.ifjerusalem-romaingary.org\/he\/wp-json\/wp\/v2\/types\/page"}],"author":[{"embeddable":true,"href":"https:\/\/www.ifjerusalem-romaingary.org\/he\/wp-json\/wp\/v2\/users\/1"}],"replies":[{"embeddable":true,"href":"https:\/\/www.ifjerusalem-romaingary.org\/he\/wp-json\/wp\/v2\/comments?post=12894"}],"version-history":[{"count":4,"href":"https:\/\/www.ifjerusalem-romaingary.org\/he\/wp-json\/wp\/v2\/pages\/12894\/revisions"}],"predecessor-version":[{"id":12931,"href":"https:\/\/www.ifjerusalem-romaingary.org\/he\/wp-json\/wp\/v2\/pages\/12894\/revisions\/12931"}],"wp:attachment":[{"href":"https:\/\/www.ifjerusalem-romaingary.org\/he\/wp-json\/wp\/v2\/media?parent=12894"}],"curies":[{"name":"wp","href":"https:\/\/api.w.org\/{rel}","templated":true}]}}