{"id":12898,"date":"2026-03-05T11:46:41","date_gmt":"2026-03-05T09:46:41","guid":{"rendered":"https:\/\/www.ifjerusalem-romaingary.org\/?page_id=12898"},"modified":"2026-03-16T09:43:28","modified_gmt":"2026-03-16T07:43:28","slug":"cine-club","status":"publish","type":"page","link":"https:\/\/www.ifjerusalem-romaingary.org\/he\/cine-club\/","title":{"rendered":"CINE CLUB"},"content":{"rendered":"<p class=\"p1\"><b>CIN\u00c9-CLUB SUR DEMANDE \u2013 D\u00c9COUVREZ LE CIN\u00c9MA FRAN\u00c7AIS\u00a0<\/b><\/p>\n<p class=\"p1\">Envie de plonger dans l\u2019univers du cin\u00e9ma fran\u00e7ais, \u00e0 votre rythme et selon vos envies ? L\u2019Institut fran\u00e7ais de J\u00e9rusalem \u2013 Romain Gary vous propose un <b>Cin\u00e9-Club \u00e0 la demande<\/b>, pour explorer films, courts-m\u00e9trages et p\u00e9pites de tous genres.<\/p>\n<p class=\"p1\"><b>Au programme :<\/b><br \/>\n\u2013 Projections de films fran\u00e7ais incontournables ou contemporains<br \/>\n\u2013 S\u00e9ances d\u00e9di\u00e9es aux <b>courts-m\u00e9trages d\u2019\u00e9tudiants et jeunes r\u00e9alisateurs<\/b>, pour d\u00e9couvrir de nouvelles voix et talents \u00e9mergents<br \/>\n\u2013 Discussions et \u00e9changes apr\u00e8s chaque projection pour partager vos impressions et r\u00e9flexions<\/p>\n<p class=\"p1\"><b>Vous choisissez le film !<\/b> \u00c9tudiants, passionn\u00e9s ou cin\u00e9philes, vous pouvez proposer vos coups de c\u0153ur ou vos cr\u00e9ations pour enrichir la programmation.<\/p>\n<p class=\"p1\">Un rendez-vous <b>convivial, interactif et ouvert \u00e0 tous<\/b>, pour vivre le cin\u00e9ma fran\u00e7ais autrement et soutenir la cr\u00e9ativit\u00e9 de la nouvelle g\u00e9n\u00e9ration.<\/p>\n<p class=\"p1\"><b>Faites vivre vos id\u00e9es, d\u00e9couvrez, partagez et d\u00e9battez autour du 7<\/b><span class=\"s2\"><b>\u1d49<\/b><\/span><b> art fran\u00e7ais !<\/b><b><\/b><\/p>\n<p class=\"p1\">Pour organiser votre s\u00e9ance ou proposer un film, contactez <strong><a href=\"mailto:edna.sayada@consulfrance-jerusalem.org\">Edna Sayada<\/a><\/strong>.<\/p>\n<p class=\"p2\"><b>ON-DEMAND FILM CLUB \u2013 DISCOVER FRENCH CINEMA!<\/b><\/p>\n<p class=\"p2\">Want to dive into the world of French cinema, at your own pace and according to your interests? The Institut fran\u00e7ais de J\u00e9rusalem \u2013 Romain Gary offers an <b>on-demand Film Club<\/b>, to explore feature films, short films, and gems of all kinds!<\/p>\n<p class=\"p2\"><b>What\u2019s on the program:<\/b><br \/>\n\u2013 Screenings of classic and contemporary French films<br \/>\n\u2013 Sessions dedicated to <b>student and young filmmaker short films<\/b>, to discover fresh voices and emerging talent<br \/>\n\u2013 Discussions and exchanges after each screening to share your impressions and thoughts<\/p>\n<p class=\"p2\"><b>You pick the film!<\/b> Students, film lovers, or cinephiles, you can suggest your favorites or your own creations to enrich the program.<\/p>\n<p class=\"p2\">A friendly, interactive, and open gathering to experience French cinema in a new way and support the creativity of the next generation.<\/p>\n<p class=\"p2\">Bring your ideas to life, discover, share, and debate around French cinema!<\/p>\n<p class=\"p2\">To organize a screening or propose a film, contact <a href=\"mailto:edna.sayada@consulfrance-jerusalem.org\"><strong>Edna Sayada<\/strong><\/a>.<\/p>\n","protected":false},"excerpt":{"rendered":"<p>CIN\u00c9-CLUB SUR DEMANDE \u2013 D\u00c9COUVREZ LE CIN\u00c9MA FRAN\u00c7AIS\u00a0 Envie de plonger dans l\u2019univers du cin\u00e9ma fran\u00e7ais, \u00e0 votre rythme et selon vos envies ? L\u2019Institut fran\u00e7ais de J\u00e9rusalem \u2013 Romain Gary vous propose un Cin\u00e9-Club \u00e0 la demande, pour explorer films, courts-m\u00e9trages et p\u00e9pites de tous genres. Au programme : \u2013 Projections de films fran\u00e7ais &hellip;<\/p>\n","protected":false},"author":1,"featured_media":0,"parent":0,"menu_order":0,"comment_status":"closed","ping_status":"closed","template":"","meta":{"_exactmetrics_skip_tracking":false,"_exactmetrics_sitenote_active":false,"_exactmetrics_sitenote_note":"","_exactmetrics_sitenote_category":0,"footnotes":""},"class_list":["post-12898","page","type-page","status-publish",""],"yoast_head":"<!-- This site is optimized with the Yoast SEO plugin v26.6 - https:\/\/yoast.com\/wordpress\/plugins\/seo\/ -->\n<title>CINE CLUB - Institut Fran\u00e7ais de J\u00e9rusalem<\/title>\n<meta name=\"robots\" content=\"index, follow, max-snippet:-1, max-image-preview:large, max-video-preview:-1\" \/>\n<link rel=\"canonical\" href=\"https:\/\/www.ifjerusalem-romaingary.org\/he\/cine-club\/\" \/>\n<meta property=\"og:locale\" content=\"he_IL\" \/>\n<meta property=\"og:type\" content=\"article\" \/>\n<meta property=\"og:title\" content=\"CINE CLUB - Institut Fran\u00e7ais de J\u00e9rusalem\" \/>\n<meta property=\"og:description\" content=\"CIN\u00c9-CLUB SUR DEMANDE \u2013 D\u00c9COUVREZ LE CIN\u00c9MA FRAN\u00c7AIS\u00a0 Envie de plonger dans l\u2019univers du cin\u00e9ma fran\u00e7ais, \u00e0 votre rythme et selon vos envies ? L\u2019Institut fran\u00e7ais de J\u00e9rusalem \u2013 Romain Gary vous propose un Cin\u00e9-Club \u00e0 la demande, pour explorer films, courts-m\u00e9trages et p\u00e9pites de tous genres. Au programme : \u2013 Projections de films fran\u00e7ais &hellip;\" \/>\n<meta property=\"og:url\" content=\"https:\/\/www.ifjerusalem-romaingary.org\/he\/cine-club\/\" \/>\n<meta property=\"og:site_name\" content=\"Institut Fran\u00e7ais de J\u00e9rusalem\" \/>\n<meta property=\"article:publisher\" content=\"https:\/\/www.facebook.com\/IFJGary\/\" \/>\n<meta property=\"article:modified_time\" content=\"2026-03-16T07:43:28+00:00\" \/>\n<meta property=\"og:image\" content=\"https:\/\/www.ifjerusalem-romaingary.org\/wp-content\/uploads\/2020\/01\/logo-Cons-Jerusalem-IFJ-2016@2x.png\" \/>\n\t<meta property=\"og:image:width\" content=\"480\" \/>\n\t<meta property=\"og:image:height\" content=\"163\" \/>\n\t<meta property=\"og:image:type\" content=\"image\/png\" \/>\n<meta name=\"twitter:card\" content=\"summary_large_image\" \/>\n<meta name=\"twitter:site\" content=\"@ifjromaingary\" \/>\n<meta name=\"twitter:label1\" content=\"\u05d6\u05de\u05df \u05e7\u05e8\u05d9\u05d0\u05d4 \u05de\u05d5\u05e2\u05e8\u05da\" \/>\n\t<meta name=\"twitter:data1\" content=\"2 \u05d3\u05e7\u05d5\u05ea\" \/>\n<script type=\"application\/ld+json\" class=\"yoast-schema-graph\">{\"@context\":\"https:\/\/schema.org\",\"@graph\":[{\"@type\":\"WebPage\",\"@id\":\"https:\/\/www.ifjerusalem-romaingary.org\/he\/cine-club\/\",\"url\":\"https:\/\/www.ifjerusalem-romaingary.org\/he\/cine-club\/\",\"name\":\"CINE CLUB - Institut Fran\u00e7ais de J\u00e9rusalem\",\"isPartOf\":{\"@id\":\"https:\/\/www.ifjerusalem-romaingary.org\/he\/#website\"},\"datePublished\":\"2026-03-05T09:46:41+00:00\",\"dateModified\":\"2026-03-16T07:43:28+00:00\",\"breadcrumb\":{\"@id\":\"https:\/\/www.ifjerusalem-romaingary.org\/he\/cine-club\/#breadcrumb\"},\"inLanguage\":\"he-IL\",\"potentialAction\":[{\"@type\":\"ReadAction\",\"target\":[\"https:\/\/www.ifjerusalem-romaingary.org\/he\/cine-club\/\"]}]},{\"@type\":\"BreadcrumbList\",\"@id\":\"https:\/\/www.ifjerusalem-romaingary.org\/he\/cine-club\/#breadcrumb\",\"itemListElement\":[{\"@type\":\"ListItem\",\"position\":1,\"name\":\"Accueil\",\"item\":\"https:\/\/www.ifjerusalem-romaingary.org\/he\/accueil\/\"},{\"@type\":\"ListItem\",\"position\":2,\"name\":\"CINE CLUB\"}]},{\"@type\":\"WebSite\",\"@id\":\"https:\/\/www.ifjerusalem-romaingary.org\/he\/#website\",\"url\":\"https:\/\/www.ifjerusalem-romaingary.org\/he\/\",\"name\":\"Institut Fran\u00e7ais de J\u00e9rusalem\",\"description\":\"Romain Gary\",\"publisher\":{\"@id\":\"https:\/\/www.ifjerusalem-romaingary.org\/he\/#organization\"},\"potentialAction\":[{\"@type\":\"SearchAction\",\"target\":{\"@type\":\"EntryPoint\",\"urlTemplate\":\"https:\/\/www.ifjerusalem-romaingary.org\/he\/?s={search_term_string}\"},\"query-input\":{\"@type\":\"PropertyValueSpecification\",\"valueRequired\":true,\"valueName\":\"search_term_string\"}}],\"inLanguage\":\"he-IL\"},{\"@type\":\"Organization\",\"@id\":\"https:\/\/www.ifjerusalem-romaingary.org\/he\/#organization\",\"name\":\"Institut fran\u00e7ais de Jerusalem\",\"url\":\"https:\/\/www.ifjerusalem-romaingary.org\/he\/\",\"logo\":{\"@type\":\"ImageObject\",\"inLanguage\":\"he-IL\",\"@id\":\"https:\/\/www.ifjerusalem-romaingary.org\/he\/#\/schema\/logo\/image\/\",\"url\":\"https:\/\/www.ifjerusalem-romaingary.org\/wp-content\/uploads\/2020\/01\/logo-Cons-Jerusalem-IFJ-2016@2x.png\",\"contentUrl\":\"https:\/\/www.ifjerusalem-romaingary.org\/wp-content\/uploads\/2020\/01\/logo-Cons-Jerusalem-IFJ-2016@2x.png\",\"width\":480,\"height\":163,\"caption\":\"Institut fran\u00e7ais de Jerusalem\"},\"image\":{\"@id\":\"https:\/\/www.ifjerusalem-romaingary.org\/he\/#\/schema\/logo\/image\/\"},\"sameAs\":[\"https:\/\/www.facebook.com\/IFJGary\/\",\"https:\/\/x.com\/ifjromaingary\"]}]}<\/script>\n<!-- \/ Yoast SEO plugin. -->","yoast_head_json":{"title":"CINE CLUB - Institut Fran\u00e7ais de J\u00e9rusalem","robots":{"index":"index","follow":"follow","max-snippet":"max-snippet:-1","max-image-preview":"max-image-preview:large","max-video-preview":"max-video-preview:-1"},"canonical":"https:\/\/www.ifjerusalem-romaingary.org\/he\/cine-club\/","og_locale":"he_IL","og_type":"article","og_title":"CINE CLUB - Institut Fran\u00e7ais de J\u00e9rusalem","og_description":"CIN\u00c9-CLUB SUR DEMANDE \u2013 D\u00c9COUVREZ LE CIN\u00c9MA FRAN\u00c7AIS\u00a0 Envie de plonger dans l\u2019univers du cin\u00e9ma fran\u00e7ais, \u00e0 votre rythme et selon vos envies ? L\u2019Institut fran\u00e7ais de J\u00e9rusalem \u2013 Romain Gary vous propose un Cin\u00e9-Club \u00e0 la demande, pour explorer films, courts-m\u00e9trages et p\u00e9pites de tous genres. Au programme : \u2013 Projections de films fran\u00e7ais &hellip;","og_url":"https:\/\/www.ifjerusalem-romaingary.org\/he\/cine-club\/","og_site_name":"Institut Fran\u00e7ais de J\u00e9rusalem","article_publisher":"https:\/\/www.facebook.com\/IFJGary\/","article_modified_time":"2026-03-16T07:43:28+00:00","og_image":[{"width":480,"height":163,"url":"https:\/\/www.ifjerusalem-romaingary.org\/wp-content\/uploads\/2020\/01\/logo-Cons-Jerusalem-IFJ-2016@2x.png","type":"image\/png"}],"twitter_card":"summary_large_image","twitter_site":"@ifjromaingary","twitter_misc":{"\u05d6\u05de\u05df \u05e7\u05e8\u05d9\u05d0\u05d4 \u05de\u05d5\u05e2\u05e8\u05da":"2 \u05d3\u05e7\u05d5\u05ea"},"schema":{"@context":"https:\/\/schema.org","@graph":[{"@type":"WebPage","@id":"https:\/\/www.ifjerusalem-romaingary.org\/he\/cine-club\/","url":"https:\/\/www.ifjerusalem-romaingary.org\/he\/cine-club\/","name":"CINE CLUB - Institut Fran\u00e7ais de J\u00e9rusalem","isPartOf":{"@id":"https:\/\/www.ifjerusalem-romaingary.org\/he\/#website"},"datePublished":"2026-03-05T09:46:41+00:00","dateModified":"2026-03-16T07:43:28+00:00","breadcrumb":{"@id":"https:\/\/www.ifjerusalem-romaingary.org\/he\/cine-club\/#breadcrumb"},"inLanguage":"he-IL","potentialAction":[{"@type":"ReadAction","target":["https:\/\/www.ifjerusalem-romaingary.org\/he\/cine-club\/"]}]},{"@type":"BreadcrumbList","@id":"https:\/\/www.ifjerusalem-romaingary.org\/he\/cine-club\/#breadcrumb","itemListElement":[{"@type":"ListItem","position":1,"name":"Accueil","item":"https:\/\/www.ifjerusalem-romaingary.org\/he\/accueil\/"},{"@type":"ListItem","position":2,"name":"CINE CLUB"}]},{"@type":"WebSite","@id":"https:\/\/www.ifjerusalem-romaingary.org\/he\/#website","url":"https:\/\/www.ifjerusalem-romaingary.org\/he\/","name":"Institut Fran\u00e7ais de J\u00e9rusalem","description":"Romain Gary","publisher":{"@id":"https:\/\/www.ifjerusalem-romaingary.org\/he\/#organization"},"potentialAction":[{"@type":"SearchAction","target":{"@type":"EntryPoint","urlTemplate":"https:\/\/www.ifjerusalem-romaingary.org\/he\/?s={search_term_string}"},"query-input":{"@type":"PropertyValueSpecification","valueRequired":true,"valueName":"search_term_string"}}],"inLanguage":"he-IL"},{"@type":"Organization","@id":"https:\/\/www.ifjerusalem-romaingary.org\/he\/#organization","name":"Institut fran\u00e7ais de Jerusalem","url":"https:\/\/www.ifjerusalem-romaingary.org\/he\/","logo":{"@type":"ImageObject","inLanguage":"he-IL","@id":"https:\/\/www.ifjerusalem-romaingary.org\/he\/#\/schema\/logo\/image\/","url":"https:\/\/www.ifjerusalem-romaingary.org\/wp-content\/uploads\/2020\/01\/logo-Cons-Jerusalem-IFJ-2016@2x.png","contentUrl":"https:\/\/www.ifjerusalem-romaingary.org\/wp-content\/uploads\/2020\/01\/logo-Cons-Jerusalem-IFJ-2016@2x.png","width":480,"height":163,"caption":"Institut fran\u00e7ais de Jerusalem"},"image":{"@id":"https:\/\/www.ifjerusalem-romaingary.org\/he\/#\/schema\/logo\/image\/"},"sameAs":["https:\/\/www.facebook.com\/IFJGary\/","https:\/\/x.com\/ifjromaingary"]}]}},"_links":{"self":[{"href":"https:\/\/www.ifjerusalem-romaingary.org\/he\/wp-json\/wp\/v2\/pages\/12898","targetHints":{"allow":["GET"]}}],"collection":[{"href":"https:\/\/www.ifjerusalem-romaingary.org\/he\/wp-json\/wp\/v2\/pages"}],"about":[{"href":"https:\/\/www.ifjerusalem-romaingary.org\/he\/wp-json\/wp\/v2\/types\/page"}],"author":[{"embeddable":true,"href":"https:\/\/www.ifjerusalem-romaingary.org\/he\/wp-json\/wp\/v2\/users\/1"}],"replies":[{"embeddable":true,"href":"https:\/\/www.ifjerusalem-romaingary.org\/he\/wp-json\/wp\/v2\/comments?post=12898"}],"version-history":[{"count":3,"href":"https:\/\/www.ifjerusalem-romaingary.org\/he\/wp-json\/wp\/v2\/pages\/12898\/revisions"}],"predecessor-version":[{"id":12934,"href":"https:\/\/www.ifjerusalem-romaingary.org\/he\/wp-json\/wp\/v2\/pages\/12898\/revisions\/12934"}],"wp:attachment":[{"href":"https:\/\/www.ifjerusalem-romaingary.org\/he\/wp-json\/wp\/v2\/media?parent=12898"}],"curies":[{"name":"wp","href":"https:\/\/api.w.org\/{rel}","templated":true}]}}