{"id":12900,"date":"2026-03-05T11:48:16","date_gmt":"2026-03-05T09:48:16","guid":{"rendered":"https:\/\/www.ifjerusalem-romaingary.org\/?page_id=12900"},"modified":"2026-03-16T09:44:21","modified_gmt":"2026-03-16T07:44:21","slug":"soiree-jeux","status":"publish","type":"page","link":"https:\/\/www.ifjerusalem-romaingary.org\/he\/soiree-jeux\/","title":{"rendered":"SOIREE JEUX"},"content":{"rendered":"<p class=\"p1\"><b>SOIR\u00c9E JEUX DE SOCI\u00c9T\u00c9 \u2013 VIVEZ LE FRAN\u00c7AIS EN JOUANT !<\/b><\/p>\n<p class=\"p1\">Envie de passer un moment convivial, de d\u00e9couvrir des jeux captivants et de partager vos coups de c\u0153ur ? L\u2019Institut fran\u00e7ais de J\u00e9rusalem \u2013 Romain Gary vous invite \u00e0 une <b>soir\u00e9e jeux de soci\u00e9t\u00e9<\/b>, anim\u00e9e par les membres de la m\u00e9diath\u00e8que ou les \u00e9l\u00e8ves eux-m\u00eames !<\/p>\n<p class=\"p1\"><b>Au programme :<\/b><br \/>\n\u2013 D\u00e9couverte et \u00e9changes autour du fonds de jeux de la m\u00e9diath\u00e8que<br \/>\n\u2013 Parties en fran\u00e7ais ou dans l\u2019esprit d\u2019un <b>caf\u00e9 multiculturel<\/b>, o\u00f9 chacun peut apprendre, s\u2019amuser et partager sa langue et sa culture<br \/>\n\u2013 Moments de rires, strat\u00e9gie et convivialit\u00e9 pour petits et grands<\/p>\n<p class=\"p1\">Objectif : explorer le fran\u00e7ais autrement, cr\u00e9er des rencontres, stimuler la r\u00e9flexion et profiter d\u2019un temps ludique et interactif.<\/p>\n<p class=\"p1\"><b>Que vous soyez joueur exp\u00e9riment\u00e9 ou curieux d\u00e9butant, venez partager un moment de plaisir et de culture autour du jeu !<\/b><b><\/b><\/p>\n<p class=\"p1\">Pour proposer un jeu ou organiser votre soir\u00e9e contactez <a href=\"mailto:edna.sayada@consulfrance-jerusalem.org\"><strong>Edna Sayada<\/strong><\/a>.<\/p>\n<p class=\"p2\"><span class=\"s1\">\u2728<\/span> <b>BOARD GAME EVENING \u2013 EXPERIENCE FRENCH THROUGH PLAY!<\/b> <span class=\"s1\">\u2728\ud83c\udfb2<\/span><\/p>\n<p class=\"p2\">Looking for a fun, friendly evening to discover exciting games and share your favorites? The Institut fran\u00e7ais de J\u00e9rusalem \u2013 Romain Gary invites you to a <b>Board Game Evening<\/b>, hosted by library members or students themselves!<\/p>\n<p class=\"p2\"><b>On the program:<\/b><br \/>\n\u2013 Explore and exchange around the library\u2019s game collection<br \/>\n\u2013 Play in French or in the spirit of a <b>multicultural caf\u00e9<\/b>, where everyone can learn, have fun, and share their language and culture<br \/>\n\u2013 Enjoy moments of laughter, strategy, and conviviality for all ages<\/p>\n<p class=\"p2\"><b>Objective:<\/b> experience French in a new way, meet new people, stimulate thinking, and enjoy a fun, interactive time.<\/p>\n<p class=\"p2\">Whether you\u2019re an experienced player or a curious beginner, come share a moment of fun and culture around the game!<\/p>\n<p class=\"p2\">To suggest a game or organize your own evening, contact <strong><a href=\"mailto:edna.sayada@consulfrance-jerusalem.org\">Edna Sayada<\/a><\/strong>.<\/p>\n","protected":false},"excerpt":{"rendered":"<p>SOIR\u00c9E JEUX DE SOCI\u00c9T\u00c9 \u2013 VIVEZ LE FRAN\u00c7AIS EN JOUANT ! Envie de passer un moment convivial, de d\u00e9couvrir des jeux captivants et de partager vos coups de c\u0153ur ? L\u2019Institut fran\u00e7ais de J\u00e9rusalem \u2013 Romain Gary vous invite \u00e0 une soir\u00e9e jeux de soci\u00e9t\u00e9, anim\u00e9e par les membres de la m\u00e9diath\u00e8que ou les \u00e9l\u00e8ves &hellip;<\/p>\n","protected":false},"author":1,"featured_media":0,"parent":0,"menu_order":0,"comment_status":"closed","ping_status":"closed","template":"","meta":{"_exactmetrics_skip_tracking":false,"_exactmetrics_sitenote_active":false,"_exactmetrics_sitenote_note":"","_exactmetrics_sitenote_category":0,"footnotes":""},"class_list":["post-12900","page","type-page","status-publish",""],"yoast_head":"<!-- This site is optimized with the Yoast SEO plugin v26.6 - https:\/\/yoast.com\/wordpress\/plugins\/seo\/ -->\n<title>SOIREE JEUX - Institut Fran\u00e7ais de J\u00e9rusalem<\/title>\n<meta name=\"robots\" content=\"index, follow, max-snippet:-1, max-image-preview:large, max-video-preview:-1\" \/>\n<link rel=\"canonical\" href=\"https:\/\/www.ifjerusalem-romaingary.org\/he\/soiree-jeux\/\" \/>\n<meta property=\"og:locale\" content=\"he_IL\" \/>\n<meta property=\"og:type\" content=\"article\" \/>\n<meta property=\"og:title\" content=\"SOIREE JEUX - Institut Fran\u00e7ais de J\u00e9rusalem\" \/>\n<meta property=\"og:description\" content=\"SOIR\u00c9E JEUX DE SOCI\u00c9T\u00c9 \u2013 VIVEZ LE FRAN\u00c7AIS EN JOUANT ! Envie de passer un moment convivial, de d\u00e9couvrir des jeux captivants et de partager vos coups de c\u0153ur ? L\u2019Institut fran\u00e7ais de J\u00e9rusalem \u2013 Romain Gary vous invite \u00e0 une soir\u00e9e jeux de soci\u00e9t\u00e9, anim\u00e9e par les membres de la m\u00e9diath\u00e8que ou les \u00e9l\u00e8ves &hellip;\" \/>\n<meta property=\"og:url\" content=\"https:\/\/www.ifjerusalem-romaingary.org\/he\/soiree-jeux\/\" \/>\n<meta property=\"og:site_name\" content=\"Institut Fran\u00e7ais de J\u00e9rusalem\" \/>\n<meta property=\"article:publisher\" content=\"https:\/\/www.facebook.com\/IFJGary\/\" \/>\n<meta property=\"article:modified_time\" content=\"2026-03-16T07:44:21+00:00\" \/>\n<meta property=\"og:image\" content=\"https:\/\/www.ifjerusalem-romaingary.org\/wp-content\/uploads\/2020\/01\/logo-Cons-Jerusalem-IFJ-2016@2x.png\" \/>\n\t<meta property=\"og:image:width\" content=\"480\" \/>\n\t<meta property=\"og:image:height\" content=\"163\" \/>\n\t<meta property=\"og:image:type\" content=\"image\/png\" \/>\n<meta name=\"twitter:card\" content=\"summary_large_image\" \/>\n<meta name=\"twitter:site\" content=\"@ifjromaingary\" \/>\n<meta name=\"twitter:label1\" content=\"\u05d6\u05de\u05df \u05e7\u05e8\u05d9\u05d0\u05d4 \u05de\u05d5\u05e2\u05e8\u05da\" \/>\n\t<meta name=\"twitter:data1\" content=\"2 \u05d3\u05e7\u05d5\u05ea\" \/>\n<script type=\"application\/ld+json\" class=\"yoast-schema-graph\">{\"@context\":\"https:\/\/schema.org\",\"@graph\":[{\"@type\":\"WebPage\",\"@id\":\"https:\/\/www.ifjerusalem-romaingary.org\/he\/soiree-jeux\/\",\"url\":\"https:\/\/www.ifjerusalem-romaingary.org\/he\/soiree-jeux\/\",\"name\":\"SOIREE JEUX - Institut Fran\u00e7ais de J\u00e9rusalem\",\"isPartOf\":{\"@id\":\"https:\/\/www.ifjerusalem-romaingary.org\/he\/#website\"},\"datePublished\":\"2026-03-05T09:48:16+00:00\",\"dateModified\":\"2026-03-16T07:44:21+00:00\",\"breadcrumb\":{\"@id\":\"https:\/\/www.ifjerusalem-romaingary.org\/he\/soiree-jeux\/#breadcrumb\"},\"inLanguage\":\"he-IL\",\"potentialAction\":[{\"@type\":\"ReadAction\",\"target\":[\"https:\/\/www.ifjerusalem-romaingary.org\/he\/soiree-jeux\/\"]}]},{\"@type\":\"BreadcrumbList\",\"@id\":\"https:\/\/www.ifjerusalem-romaingary.org\/he\/soiree-jeux\/#breadcrumb\",\"itemListElement\":[{\"@type\":\"ListItem\",\"position\":1,\"name\":\"Accueil\",\"item\":\"https:\/\/www.ifjerusalem-romaingary.org\/he\/accueil\/\"},{\"@type\":\"ListItem\",\"position\":2,\"name\":\"SOIREE JEUX\"}]},{\"@type\":\"WebSite\",\"@id\":\"https:\/\/www.ifjerusalem-romaingary.org\/he\/#website\",\"url\":\"https:\/\/www.ifjerusalem-romaingary.org\/he\/\",\"name\":\"Institut Fran\u00e7ais de J\u00e9rusalem\",\"description\":\"Romain Gary\",\"publisher\":{\"@id\":\"https:\/\/www.ifjerusalem-romaingary.org\/he\/#organization\"},\"potentialAction\":[{\"@type\":\"SearchAction\",\"target\":{\"@type\":\"EntryPoint\",\"urlTemplate\":\"https:\/\/www.ifjerusalem-romaingary.org\/he\/?s={search_term_string}\"},\"query-input\":{\"@type\":\"PropertyValueSpecification\",\"valueRequired\":true,\"valueName\":\"search_term_string\"}}],\"inLanguage\":\"he-IL\"},{\"@type\":\"Organization\",\"@id\":\"https:\/\/www.ifjerusalem-romaingary.org\/he\/#organization\",\"name\":\"Institut fran\u00e7ais de Jerusalem\",\"url\":\"https:\/\/www.ifjerusalem-romaingary.org\/he\/\",\"logo\":{\"@type\":\"ImageObject\",\"inLanguage\":\"he-IL\",\"@id\":\"https:\/\/www.ifjerusalem-romaingary.org\/he\/#\/schema\/logo\/image\/\",\"url\":\"https:\/\/www.ifjerusalem-romaingary.org\/wp-content\/uploads\/2020\/01\/logo-Cons-Jerusalem-IFJ-2016@2x.png\",\"contentUrl\":\"https:\/\/www.ifjerusalem-romaingary.org\/wp-content\/uploads\/2020\/01\/logo-Cons-Jerusalem-IFJ-2016@2x.png\",\"width\":480,\"height\":163,\"caption\":\"Institut fran\u00e7ais de Jerusalem\"},\"image\":{\"@id\":\"https:\/\/www.ifjerusalem-romaingary.org\/he\/#\/schema\/logo\/image\/\"},\"sameAs\":[\"https:\/\/www.facebook.com\/IFJGary\/\",\"https:\/\/x.com\/ifjromaingary\"]}]}<\/script>\n<!-- \/ Yoast SEO plugin. -->","yoast_head_json":{"title":"SOIREE JEUX - Institut Fran\u00e7ais de J\u00e9rusalem","robots":{"index":"index","follow":"follow","max-snippet":"max-snippet:-1","max-image-preview":"max-image-preview:large","max-video-preview":"max-video-preview:-1"},"canonical":"https:\/\/www.ifjerusalem-romaingary.org\/he\/soiree-jeux\/","og_locale":"he_IL","og_type":"article","og_title":"SOIREE JEUX - Institut Fran\u00e7ais de J\u00e9rusalem","og_description":"SOIR\u00c9E JEUX DE SOCI\u00c9T\u00c9 \u2013 VIVEZ LE FRAN\u00c7AIS EN JOUANT ! Envie de passer un moment convivial, de d\u00e9couvrir des jeux captivants et de partager vos coups de c\u0153ur ? L\u2019Institut fran\u00e7ais de J\u00e9rusalem \u2013 Romain Gary vous invite \u00e0 une soir\u00e9e jeux de soci\u00e9t\u00e9, anim\u00e9e par les membres de la m\u00e9diath\u00e8que ou les \u00e9l\u00e8ves &hellip;","og_url":"https:\/\/www.ifjerusalem-romaingary.org\/he\/soiree-jeux\/","og_site_name":"Institut Fran\u00e7ais de J\u00e9rusalem","article_publisher":"https:\/\/www.facebook.com\/IFJGary\/","article_modified_time":"2026-03-16T07:44:21+00:00","og_image":[{"width":480,"height":163,"url":"https:\/\/www.ifjerusalem-romaingary.org\/wp-content\/uploads\/2020\/01\/logo-Cons-Jerusalem-IFJ-2016@2x.png","type":"image\/png"}],"twitter_card":"summary_large_image","twitter_site":"@ifjromaingary","twitter_misc":{"\u05d6\u05de\u05df \u05e7\u05e8\u05d9\u05d0\u05d4 \u05de\u05d5\u05e2\u05e8\u05da":"2 \u05d3\u05e7\u05d5\u05ea"},"schema":{"@context":"https:\/\/schema.org","@graph":[{"@type":"WebPage","@id":"https:\/\/www.ifjerusalem-romaingary.org\/he\/soiree-jeux\/","url":"https:\/\/www.ifjerusalem-romaingary.org\/he\/soiree-jeux\/","name":"SOIREE JEUX - Institut Fran\u00e7ais de J\u00e9rusalem","isPartOf":{"@id":"https:\/\/www.ifjerusalem-romaingary.org\/he\/#website"},"datePublished":"2026-03-05T09:48:16+00:00","dateModified":"2026-03-16T07:44:21+00:00","breadcrumb":{"@id":"https:\/\/www.ifjerusalem-romaingary.org\/he\/soiree-jeux\/#breadcrumb"},"inLanguage":"he-IL","potentialAction":[{"@type":"ReadAction","target":["https:\/\/www.ifjerusalem-romaingary.org\/he\/soiree-jeux\/"]}]},{"@type":"BreadcrumbList","@id":"https:\/\/www.ifjerusalem-romaingary.org\/he\/soiree-jeux\/#breadcrumb","itemListElement":[{"@type":"ListItem","position":1,"name":"Accueil","item":"https:\/\/www.ifjerusalem-romaingary.org\/he\/accueil\/"},{"@type":"ListItem","position":2,"name":"SOIREE JEUX"}]},{"@type":"WebSite","@id":"https:\/\/www.ifjerusalem-romaingary.org\/he\/#website","url":"https:\/\/www.ifjerusalem-romaingary.org\/he\/","name":"Institut Fran\u00e7ais de J\u00e9rusalem","description":"Romain Gary","publisher":{"@id":"https:\/\/www.ifjerusalem-romaingary.org\/he\/#organization"},"potentialAction":[{"@type":"SearchAction","target":{"@type":"EntryPoint","urlTemplate":"https:\/\/www.ifjerusalem-romaingary.org\/he\/?s={search_term_string}"},"query-input":{"@type":"PropertyValueSpecification","valueRequired":true,"valueName":"search_term_string"}}],"inLanguage":"he-IL"},{"@type":"Organization","@id":"https:\/\/www.ifjerusalem-romaingary.org\/he\/#organization","name":"Institut fran\u00e7ais de Jerusalem","url":"https:\/\/www.ifjerusalem-romaingary.org\/he\/","logo":{"@type":"ImageObject","inLanguage":"he-IL","@id":"https:\/\/www.ifjerusalem-romaingary.org\/he\/#\/schema\/logo\/image\/","url":"https:\/\/www.ifjerusalem-romaingary.org\/wp-content\/uploads\/2020\/01\/logo-Cons-Jerusalem-IFJ-2016@2x.png","contentUrl":"https:\/\/www.ifjerusalem-romaingary.org\/wp-content\/uploads\/2020\/01\/logo-Cons-Jerusalem-IFJ-2016@2x.png","width":480,"height":163,"caption":"Institut fran\u00e7ais de Jerusalem"},"image":{"@id":"https:\/\/www.ifjerusalem-romaingary.org\/he\/#\/schema\/logo\/image\/"},"sameAs":["https:\/\/www.facebook.com\/IFJGary\/","https:\/\/x.com\/ifjromaingary"]}]}},"_links":{"self":[{"href":"https:\/\/www.ifjerusalem-romaingary.org\/he\/wp-json\/wp\/v2\/pages\/12900","targetHints":{"allow":["GET"]}}],"collection":[{"href":"https:\/\/www.ifjerusalem-romaingary.org\/he\/wp-json\/wp\/v2\/pages"}],"about":[{"href":"https:\/\/www.ifjerusalem-romaingary.org\/he\/wp-json\/wp\/v2\/types\/page"}],"author":[{"embeddable":true,"href":"https:\/\/www.ifjerusalem-romaingary.org\/he\/wp-json\/wp\/v2\/users\/1"}],"replies":[{"embeddable":true,"href":"https:\/\/www.ifjerusalem-romaingary.org\/he\/wp-json\/wp\/v2\/comments?post=12900"}],"version-history":[{"count":2,"href":"https:\/\/www.ifjerusalem-romaingary.org\/he\/wp-json\/wp\/v2\/pages\/12900\/revisions"}],"predecessor-version":[{"id":12935,"href":"https:\/\/www.ifjerusalem-romaingary.org\/he\/wp-json\/wp\/v2\/pages\/12900\/revisions\/12935"}],"wp:attachment":[{"href":"https:\/\/www.ifjerusalem-romaingary.org\/he\/wp-json\/wp\/v2\/media?parent=12900"}],"curies":[{"name":"wp","href":"https:\/\/api.w.org\/{rel}","templated":true}]}}