{"id":1857,"date":"2017-06-13T19:54:47","date_gmt":"2017-06-13T16:54:47","guid":{"rendered":"http:\/\/ifjerusalem-romaingary.org\/?page_id=1857\/"},"modified":"2020-02-21T12:31:17","modified_gmt":"2020-02-21T10:31:17","slug":"certifications","status":"publish","type":"page","link":"https:\/\/www.ifjerusalem-romaingary.org\/he\/learn-french\/certifications\/","title":{"rendered":"\u05ea\u05e2\u05d5\u05d3\u05d5\u05ea"},"content":{"rendered":"<p style=\"text-align: right;\"><strong><span style=\"color: #008ac9;\">\u05d4\u05de\u05d3\u05d3 \u05d4\u05d0\u05d9\u05e8\u05d5\u05e4\u05d9 \u05dc\u05d4\u05e2\u05e8\u05db\u05ea \u05dc\u05d9\u05de\u05d5\u05d3\u05d9 \u05e9\u05e4\u05d4<\/span><\/strong><\/p>\n<p style=\"text-align: right;\">\u05d4\u05de\u05d3\u05d3 \u05d4\u05d9\u05e0\u05d5 \u05e4\u05e8\u05d9 \u05e2\u05d1\u05d5\u05d3\u05d4 \u05e9\u05dc \u05de\u05d7\u05e7\u05e8 \u05d1\u05dc\u05e9\u05e0\u05d9 \u05e9\u05e2\u05e8\u05db\u05d5 \u05de\u05d5\u05de\u05d7\u05d9\u05dd \u05d1\u05de\u05d3\u05d9\u05e0\u05d5\u05ea \u05d4\u05d7\u05d1\u05e8\u05d5\u05ea \u05d1\u05de\u05d5\u05e2\u05e6\u05ea \u05d0\u05d9\u05e8\u05d5\u05e4\u05d4. \u05d4\u05de\u05d3\u05d3 \u05e4\u05d5\u05e8\u05e1\u05dd \u05d1\u05e9\u05e0\u05ea 2001 \u05d5\u05d4\u05d5\u05d0 \u05de\u05e6\u05d9\u05e2 <strong>\u05d3\u05e8\u05da \u05d7\u05e9\u05d9\u05d1\u05d4 \u05d7\u05d3\u05e9\u05d4 \u05dc\u05d7\u05dc\u05d5\u05d8\u05d9\u05df \u05d1\u05db\u05dc \u05d4\u05e0\u05d5\u05d2\u05e2 \u05dc\u05dc\u05d9\u05de\u05d5\u05d3 \u05e9\u05e4\u05d5\u05ea<\/strong>. \u05db\u05de\u05d5 \u05db\u05df \u05d4\u05de\u05d3\u05d3 \u05e7\u05d1\u05e2 <strong>\u05d1\u05e1\u05d9\u05e1 \u05de\u05e9\u05d5\u05ea\u05e3 \u05dc\u05ea\u05d9\u05d0\u05d5\u05e8 \u05ea\u05db\u05e0\u05d9\u05d5\u05ea \u05dc\u05d9\u05de\u05d5\u05d3\u05d9\u05dd, \u05e8\u05de\u05d5\u05ea \u05e9\u05e4\u05d4 \u05d5\u05ea\u05e2\u05d5\u05d3\u05d5\u05ea<\/strong>.<\/p>\n<p style=\"text-align: right;\">\u05e7\u05d5\u05e8\u05e1\u05d9 \u05d4\u05e6\u05e8\u05e4\u05ea\u05d9\u05ea \u05d1\u05de\u05db\u05d5\u05df \u05d4\u05e6\u05e8\u05e4\u05ea\u05d9 \u05de\u05d5\u05ea\u05d0\u05de\u05d9\u05dd \u05dc\u05de\u05d3\u05d3 \u05d4\u05d0\u05d9\u05e8\u05d5\u05e4\u05d9, \u05d4\u05e7\u05d5\u05d1\u05e2 \u05e9\u05dc\u05d5\u05e9 \u05e8\u05de\u05d5\u05ea \u05db\u05dc\u05dc\u05d9\u05d5\u05ea, \u05d4\u05de\u05d7\u05d5\u05dc\u05e7\u05d5\u05ea \u05d1\u05e1\u05da \u05d4\u05db\u05dc \u05dc\u05e9\u05e9 \u05ea\u05ea-\u05e8\u05de\u05d5\u05ea:<\/p>\n<p style=\"text-align: right;\">\u05dc\u05e4\u05d9 \u05e9\u05d9\u05dc\u05d5\u05d1 \u05e9\u05dc \u05d9\u05db\u05d5\u05dc\u05d5\u05ea \u05e9\u05d5\u05e0\u05d5\u05ea, \u05d4\u05de\u05d3\u05d3 \u05de\u05d5\u05e0\u05d4 \u05e9\u05dc\u05d5\u05e9 \u05e8\u05de\u05d5\u05ea \u05db\u05dc\u05dc\u05d9\u05d5\u05ea \u05d5\u05d1\u05db\u05dc \u05d0\u05d7\u05ea \u05e9\u05ea\u05d9 \u05ea\u05ea-\u05e8\u05de\u05d5\u05ea: \u05de\u05ea\u05d7\u05d9\u05dc\u05d9\u05dd A1-A2, \u05d1\u05d9\u05e0\u05d9\u05d9\u05dd B1-B2, \u05d5\u05de\u05ea\u05e7\u05d3\u05de\u05d9\u05dd C1-C2<\/p>\n<p style=\"text-align: right;\"><strong><span style=\"color: #008ac9;\">\u05d4\u05de\u05db\u05d5\u05df \u05d4\u05e6\u05e8\u05e4\u05ea\u05d9 \u05e2&quot;\u05e9 \u05e8\u05d5\u05de\u05df \u05d2\u05d0\u05e8\u05d9 \u05d1\u05d9\u05e8\u05d5\u05e9\u05dc\u05d9\u05dd &#8211; \u05de\u05e8\u05db\u05d6 \u05d1\u05d7\u05d9\u05e0\u05d5\u05ea \u05e8\u05e9\u05de\u05d9<\/span><\/strong><\/p>\n<p style=\"text-align: right;\">\u05e0\u05d9\u05ea\u05df \u05dc\u05d4\u05d9\u05d1\u05d7\u05df \u05d1\u05e9\u05dc\u05d5\u05e9 \u05d1\u05d7\u05d9\u05e0\u05d5\u05ea \u05e8\u05e9\u05de\u05d9\u05d5\u05ea \u05d1\u05de\u05db\u05d5\u05df \u05e8\u05d5\u05de\u05df \u05d2\u05d0\u05e8\u05d9:<\/p>\n<p style=\"text-align: right;\"><strong><span style=\"color: #008ac9;\"><u><a href=\"https:\/\/www.ifjerusalem-romaingary.org\/language-courses\/certifications\/tcf-test-de-connaissance-du-francais\/\" target=\"_blank\" rel=\"noopener noreferrer\">Le Test de connaissance du fran\u00e7ais (TCF)<\/a><\/u><\/span><\/strong>\u00a0(tout public, pour l'acc\u00e8s \u00e0 la nationalit\u00e9 fran\u00e7aise, ou Qu\u00e9bec)<\/p>\n<p style=\"text-align: right;\"><strong><span style=\"color: #008ac9;\"><u><a href=\"https:\/\/www.ifjerusalem-romaingary.org\/language-courses\/certifications\/examens-universitaires\/\" target=\"_blank\" rel=\"noopener noreferrer\">Le Dipl\u00f4me d'aptitude \u00e0 l'enseignement du fran\u00e7ais langue \u00e9trang\u00e8re (DAEFLE)<\/a><\/u><\/span><\/strong><\/p>\n<p><u><a href=\"https:\/\/www.ifjerusalem-romaingary.org\/language-courses\/certifications\/delf-dalf-diplomes-de-langues-francaise\/\"><strong>Dipl\u00f4me d'\u00e9tudes en langue fran\u00e7aise (DELF) et Dipl\u00f4me approfondi de langue fran\u00e7aise (DALF)<\/strong><\/a><\/u> : DELF\/DALF tout public, DELF Prim, DELF Junior.<br \/>\n\u05d4\u05e6\u05dc\u05d7\u05d4 \u05d1\u05d1\u05d7\u05d9\u05e0\u05d5\u05ea \u05ea\u05d6\u05db\u05d4 \u05d0\u05d5\u05ea\u05da \u05d1\u05d3\u05d9\u05e4\u05dc\u05d5\u05de\u05d4 \u05de\u05de\u05e9\u05e8\u05d3 \u05d4\u05d7\u05d9\u05e0\u05d5\u05da \u05d4\u05e6\u05e8\u05e4\u05ea\u05d9 \u05d0\u05e9\u05e8 \u05d0\u05e9\u05e8 \u05d1\u05ea\u05d5\u05e7\u05e3 \u05dc\u05dc\u05d0 \u05d4\u05d2\u05d1\u05dc\u05ea \u05d6\u05de\u05df \u05d5\u05de\u05e9\u05de\u05e9\u05ea \u05d0\u05e1\u05de\u05db\u05ea\u05d0 \u05d1\u05e8\u05d5\u05d1 \u05d4\u05de\u05d3\u05d9\u05e0\u05d5\u05ea \u05d5\u05d1\u05de\u05e9\u05e8\u05d3\u05d9 \u05d4\u05d7\u05d9\u05e0\u05d5\u05da \u05d1\u05e2\u05d5\u05dc\u05dd.<\/p>\n<p style=\"text-align: right;\">***<\/p>\n<p style=\"text-align: right;\"><strong><span style=\"color: #008ac9;\">COMMON EUROPEAN FRAMEWORK OF REFERENCE FOR LANGUAGE<\/span><\/strong><\/p>\n<p style=\"text-align: right;\">People have been learning, teaching, and assessing language for centuries. In this long history, there have been as many different ways of teaching as there have been ways of describing levels of language learning and assessment. In order to facilitate both teaching and learning we need a way to specify what our learners are able to do at certain levels, in most countries there is general agreement that language learning can be organized into three levels: basic\/beginner, intermediate, and advanced.<\/p>\n<p style=\"text-align: right;\">The Common European Framework describes what a learner can do at <a href=\"http:\/\/www.france-langue.com\/learn-french\/philosophy-and-methods\/french-levels.html\" target=\"_blank\" rel=\"noopener noreferrer\">six specific levels<\/a>: A1, A2, B1, B2, C1, and C2.<br \/>\n<strong>&#8211; Basic User<\/strong> (A1 and A2)<br \/>\n<strong>&#8211; Independent User<\/strong> (B1 and B2)<br \/>\n<strong>&#8211; Proficient User<\/strong> (C1 and C2)<\/p>\n<p style=\"text-align: right;\"><u><a title=\"Council of Europe\" href=\"http:\/\/www.coe.int\/t\/dg4\/linguistic\/Cadre1_en.asp\" target=\"_blank\" rel=\"noopener noreferrer\">CEFRL (Common European Framework for Reference Languages)<\/a><\/u><\/p>\n<p style=\"text-align: right;\"><strong><span style=\"color: #008ac9;\">THE IFJ &#8211; ANTENNE ROMAIN GARY: EXAM CENTRE<\/span><\/strong><\/p>\n<p style=\"text-align: right;\">At the IFJ &#8211; antenne Romain Gary, three certifications are available:<\/p>\n<p style=\"text-align: right;\"><strong><u><a href=\"http:\/\/www.ciep.fr\/en\/tcf\">Le Test de Connaissance du fran\u00e7ais (TCF)<\/a><\/u><\/strong><\/p>\n<p style=\"text-align: right;\"><strong><u><a href=\"http:\/\/www.alliancefr.org\/en\/courses-and-training\/teach-french\/become-teacher-french-foreign-language#daefle\">Le Dipl\u00f4me d'aptitude \u00e0 l'enseignement du fran\u00e7ais langue \u00e9trang\u00e8re (DAEFLE)<\/a><\/u><\/strong><\/p>\n<p><u><a href=\"https:\/\/www.ciep.fr\/en\/delf-dalf\"><strong>Dipl\u00f4me d'\u00e9tudes en langue fran\u00e7aise (DELF) et<\/strong> Dipl\u00f4me approfondi de langue fran\u00e7aise (DALF)<\/a><\/u> : DELF\/DALF tout public, DELF Prim, DELF Junior.<br \/>\nPassing the exams will receive a certificate from the Ministry of National Education in France that stays valid for life and that is international recognized.<\/p>\n","protected":false},"excerpt":{"rendered":"<p>\u05d4\u05de\u05d3\u05d3 \u05d4\u05d0\u05d9\u05e8\u05d5\u05e4\u05d9 \u05dc\u05d4\u05e2\u05e8\u05db\u05ea \u05dc\u05d9\u05de\u05d5\u05d3\u05d9 \u05e9\u05e4\u05d4 \u05d4\u05de\u05d3\u05d3 \u05d4\u05d9\u05e0\u05d5 \u05e4\u05e8\u05d9 \u05e2\u05d1\u05d5\u05d3\u05d4 \u05e9\u05dc \u05de\u05d7\u05e7\u05e8 \u05d1\u05dc\u05e9\u05e0\u05d9 \u05e9\u05e2\u05e8\u05db\u05d5 \u05de\u05d5\u05de\u05d7\u05d9\u05dd \u05d1\u05de\u05d3\u05d9\u05e0\u05d5\u05ea \u05d4\u05d7\u05d1\u05e8\u05d5\u05ea \u05d1\u05de\u05d5\u05e2\u05e6\u05ea \u05d0\u05d9\u05e8\u05d5\u05e4\u05d4. \u05d4\u05de\u05d3\u05d3 \u05e4\u05d5\u05e8\u05e1\u05dd \u05d1\u05e9\u05e0\u05ea 2001 \u05d5\u05d4\u05d5\u05d0 \u05de\u05e6\u05d9\u05e2 \u05d3\u05e8\u05da \u05d7\u05e9\u05d9\u05d1\u05d4 \u05d7\u05d3\u05e9\u05d4 \u05dc\u05d7\u05dc\u05d5\u05d8\u05d9\u05df \u05d1\u05db\u05dc \u05d4\u05e0\u05d5\u05d2\u05e2 \u05dc\u05dc\u05d9\u05de\u05d5\u05d3 \u05e9\u05e4\u05d5\u05ea. \u05db\u05de\u05d5 \u05db\u05df \u05d4\u05de\u05d3\u05d3 \u05e7\u05d1\u05e2 \u05d1\u05e1\u05d9\u05e1 \u05de\u05e9\u05d5\u05ea\u05e3 \u05dc\u05ea\u05d9\u05d0\u05d5\u05e8 \u05ea\u05db\u05e0\u05d9\u05d5\u05ea \u05dc\u05d9\u05de\u05d5\u05d3\u05d9\u05dd, \u05e8\u05de\u05d5\u05ea \u05e9\u05e4\u05d4 \u05d5\u05ea\u05e2\u05d5\u05d3\u05d5\u05ea. \u05e7\u05d5\u05e8\u05e1\u05d9 \u05d4\u05e6\u05e8\u05e4\u05ea\u05d9\u05ea \u05d1\u05de\u05db\u05d5\u05df \u05d4\u05e6\u05e8\u05e4\u05ea\u05d9 \u05de\u05d5\u05ea\u05d0\u05de\u05d9\u05dd \u05dc\u05de\u05d3\u05d3 \u05d4\u05d0\u05d9\u05e8\u05d5\u05e4\u05d9, \u05d4\u05e7\u05d5\u05d1\u05e2 \u05e9\u05dc\u05d5\u05e9 \u05e8\u05de\u05d5\u05ea \u05db\u05dc\u05dc\u05d9\u05d5\u05ea, &hellip;<\/p>\n","protected":false},"author":1,"featured_media":0,"parent":1855,"menu_order":0,"comment_status":"closed","ping_status":"closed","template":"","meta":{"_exactmetrics_skip_tracking":false,"_exactmetrics_sitenote_active":false,"_exactmetrics_sitenote_note":"","_exactmetrics_sitenote_category":0,"footnotes":""},"class_list":["post-1857","page","type-page","status-publish",""],"yoast_head":"<!-- This site is optimized with the Yoast SEO plugin v26.6 - https:\/\/yoast.com\/wordpress\/plugins\/seo\/ -->\n<title>\u05ea\u05e2\u05d5\u05d3\u05d5\u05ea - Institut Fran\u00e7ais de J\u00e9rusalem<\/title>\n<meta name=\"robots\" content=\"index, follow, max-snippet:-1, max-image-preview:large, max-video-preview:-1\" \/>\n<link rel=\"canonical\" href=\"https:\/\/www.ifjerusalem-romaingary.org\/he\/learn-french\/certifications\/\" \/>\n<meta property=\"og:locale\" content=\"he_IL\" \/>\n<meta property=\"og:type\" content=\"article\" \/>\n<meta property=\"og:title\" content=\"\u05ea\u05e2\u05d5\u05d3\u05d5\u05ea - Institut Fran\u00e7ais de J\u00e9rusalem\" \/>\n<meta property=\"og:description\" content=\"\u05d4\u05de\u05d3\u05d3 \u05d4\u05d0\u05d9\u05e8\u05d5\u05e4\u05d9 \u05dc\u05d4\u05e2\u05e8\u05db\u05ea \u05dc\u05d9\u05de\u05d5\u05d3\u05d9 \u05e9\u05e4\u05d4 \u05d4\u05de\u05d3\u05d3 \u05d4\u05d9\u05e0\u05d5 \u05e4\u05e8\u05d9 \u05e2\u05d1\u05d5\u05d3\u05d4 \u05e9\u05dc \u05de\u05d7\u05e7\u05e8 \u05d1\u05dc\u05e9\u05e0\u05d9 \u05e9\u05e2\u05e8\u05db\u05d5 \u05de\u05d5\u05de\u05d7\u05d9\u05dd \u05d1\u05de\u05d3\u05d9\u05e0\u05d5\u05ea \u05d4\u05d7\u05d1\u05e8\u05d5\u05ea \u05d1\u05de\u05d5\u05e2\u05e6\u05ea \u05d0\u05d9\u05e8\u05d5\u05e4\u05d4. \u05d4\u05de\u05d3\u05d3 \u05e4\u05d5\u05e8\u05e1\u05dd \u05d1\u05e9\u05e0\u05ea 2001 \u05d5\u05d4\u05d5\u05d0 \u05de\u05e6\u05d9\u05e2 \u05d3\u05e8\u05da \u05d7\u05e9\u05d9\u05d1\u05d4 \u05d7\u05d3\u05e9\u05d4 \u05dc\u05d7\u05dc\u05d5\u05d8\u05d9\u05df \u05d1\u05db\u05dc \u05d4\u05e0\u05d5\u05d2\u05e2 \u05dc\u05dc\u05d9\u05de\u05d5\u05d3 \u05e9\u05e4\u05d5\u05ea. \u05db\u05de\u05d5 \u05db\u05df \u05d4\u05de\u05d3\u05d3 \u05e7\u05d1\u05e2 \u05d1\u05e1\u05d9\u05e1 \u05de\u05e9\u05d5\u05ea\u05e3 \u05dc\u05ea\u05d9\u05d0\u05d5\u05e8 \u05ea\u05db\u05e0\u05d9\u05d5\u05ea \u05dc\u05d9\u05de\u05d5\u05d3\u05d9\u05dd, \u05e8\u05de\u05d5\u05ea \u05e9\u05e4\u05d4 \u05d5\u05ea\u05e2\u05d5\u05d3\u05d5\u05ea. \u05e7\u05d5\u05e8\u05e1\u05d9 \u05d4\u05e6\u05e8\u05e4\u05ea\u05d9\u05ea \u05d1\u05de\u05db\u05d5\u05df \u05d4\u05e6\u05e8\u05e4\u05ea\u05d9 \u05de\u05d5\u05ea\u05d0\u05de\u05d9\u05dd \u05dc\u05de\u05d3\u05d3 \u05d4\u05d0\u05d9\u05e8\u05d5\u05e4\u05d9, \u05d4\u05e7\u05d5\u05d1\u05e2 \u05e9\u05dc\u05d5\u05e9 \u05e8\u05de\u05d5\u05ea \u05db\u05dc\u05dc\u05d9\u05d5\u05ea, &hellip;\" \/>\n<meta property=\"og:url\" content=\"https:\/\/www.ifjerusalem-romaingary.org\/he\/learn-french\/certifications\/\" \/>\n<meta property=\"og:site_name\" content=\"Institut Fran\u00e7ais de J\u00e9rusalem\" \/>\n<meta property=\"article:publisher\" content=\"https:\/\/www.facebook.com\/IFJGary\/\" \/>\n<meta property=\"article:modified_time\" content=\"2020-02-21T10:31:17+00:00\" \/>\n<meta property=\"og:image\" content=\"https:\/\/www.ifjerusalem-romaingary.org\/wp-content\/uploads\/2020\/01\/logo-Cons-Jerusalem-IFJ-2016@2x.png\" \/>\n\t<meta property=\"og:image:width\" content=\"480\" \/>\n\t<meta property=\"og:image:height\" content=\"163\" \/>\n\t<meta property=\"og:image:type\" content=\"image\/png\" \/>\n<meta name=\"twitter:card\" content=\"summary_large_image\" \/>\n<meta name=\"twitter:site\" content=\"@ifjromaingary\" \/>\n<meta name=\"twitter:label1\" content=\"\u05d6\u05de\u05df \u05e7\u05e8\u05d9\u05d0\u05d4 \u05de\u05d5\u05e2\u05e8\u05da\" \/>\n\t<meta name=\"twitter:data1\" content=\"\u05d3\u05e7\u05d41\" \/>\n<script type=\"application\/ld+json\" class=\"yoast-schema-graph\">{\"@context\":\"https:\/\/schema.org\",\"@graph\":[{\"@type\":\"WebPage\",\"@id\":\"https:\/\/www.ifjerusalem-romaingary.org\/he\/learn-french\/certifications\/\",\"url\":\"https:\/\/www.ifjerusalem-romaingary.org\/he\/learn-french\/certifications\/\",\"name\":\"\u05ea\u05e2\u05d5\u05d3\u05d5\u05ea - Institut Fran\u00e7ais de J\u00e9rusalem\",\"isPartOf\":{\"@id\":\"https:\/\/www.ifjerusalem-romaingary.org\/he\/#website\"},\"datePublished\":\"2017-06-13T16:54:47+00:00\",\"dateModified\":\"2020-02-21T10:31:17+00:00\",\"breadcrumb\":{\"@id\":\"https:\/\/www.ifjerusalem-romaingary.org\/he\/learn-french\/certifications\/#breadcrumb\"},\"inLanguage\":\"he-IL\",\"potentialAction\":[{\"@type\":\"ReadAction\",\"target\":[\"https:\/\/www.ifjerusalem-romaingary.org\/he\/learn-french\/certifications\/\"]}]},{\"@type\":\"BreadcrumbList\",\"@id\":\"https:\/\/www.ifjerusalem-romaingary.org\/he\/learn-french\/certifications\/#breadcrumb\",\"itemListElement\":[{\"@type\":\"ListItem\",\"position\":1,\"name\":\"Accueil\",\"item\":\"https:\/\/www.ifjerusalem-romaingary.org\/he\/accueil\/\"},{\"@type\":\"ListItem\",\"position\":2,\"name\":\"\u05dc\u05d9\u05de\u05d5\u05d3\u05d9 \u05e6\u05e8\u05e4\u05ea\u05d9\u05ea\",\"item\":\"https:\/\/www.ifjerusalem-romaingary.org\/he\/learn-french\/\"},{\"@type\":\"ListItem\",\"position\":3,\"name\":\"\u05ea\u05e2\u05d5\u05d3\u05d5\u05ea\"}]},{\"@type\":\"WebSite\",\"@id\":\"https:\/\/www.ifjerusalem-romaingary.org\/he\/#website\",\"url\":\"https:\/\/www.ifjerusalem-romaingary.org\/he\/\",\"name\":\"Institut Fran\u00e7ais de J\u00e9rusalem\",\"description\":\"Romain Gary\",\"publisher\":{\"@id\":\"https:\/\/www.ifjerusalem-romaingary.org\/he\/#organization\"},\"potentialAction\":[{\"@type\":\"SearchAction\",\"target\":{\"@type\":\"EntryPoint\",\"urlTemplate\":\"https:\/\/www.ifjerusalem-romaingary.org\/he\/?s={search_term_string}\"},\"query-input\":{\"@type\":\"PropertyValueSpecification\",\"valueRequired\":true,\"valueName\":\"search_term_string\"}}],\"inLanguage\":\"he-IL\"},{\"@type\":\"Organization\",\"@id\":\"https:\/\/www.ifjerusalem-romaingary.org\/he\/#organization\",\"name\":\"Institut fran\u00e7ais de Jerusalem\",\"url\":\"https:\/\/www.ifjerusalem-romaingary.org\/he\/\",\"logo\":{\"@type\":\"ImageObject\",\"inLanguage\":\"he-IL\",\"@id\":\"https:\/\/www.ifjerusalem-romaingary.org\/he\/#\/schema\/logo\/image\/\",\"url\":\"https:\/\/www.ifjerusalem-romaingary.org\/wp-content\/uploads\/2020\/01\/logo-Cons-Jerusalem-IFJ-2016@2x.png\",\"contentUrl\":\"https:\/\/www.ifjerusalem-romaingary.org\/wp-content\/uploads\/2020\/01\/logo-Cons-Jerusalem-IFJ-2016@2x.png\",\"width\":480,\"height\":163,\"caption\":\"Institut fran\u00e7ais de Jerusalem\"},\"image\":{\"@id\":\"https:\/\/www.ifjerusalem-romaingary.org\/he\/#\/schema\/logo\/image\/\"},\"sameAs\":[\"https:\/\/www.facebook.com\/IFJGary\/\",\"https:\/\/x.com\/ifjromaingary\"]}]}<\/script>\n<!-- \/ Yoast SEO plugin. -->","yoast_head_json":{"title":"\u05ea\u05e2\u05d5\u05d3\u05d5\u05ea - Institut Fran\u00e7ais de J\u00e9rusalem","robots":{"index":"index","follow":"follow","max-snippet":"max-snippet:-1","max-image-preview":"max-image-preview:large","max-video-preview":"max-video-preview:-1"},"canonical":"https:\/\/www.ifjerusalem-romaingary.org\/he\/learn-french\/certifications\/","og_locale":"he_IL","og_type":"article","og_title":"\u05ea\u05e2\u05d5\u05d3\u05d5\u05ea - Institut Fran\u00e7ais de J\u00e9rusalem","og_description":"\u05d4\u05de\u05d3\u05d3 \u05d4\u05d0\u05d9\u05e8\u05d5\u05e4\u05d9 \u05dc\u05d4\u05e2\u05e8\u05db\u05ea \u05dc\u05d9\u05de\u05d5\u05d3\u05d9 \u05e9\u05e4\u05d4 \u05d4\u05de\u05d3\u05d3 \u05d4\u05d9\u05e0\u05d5 \u05e4\u05e8\u05d9 \u05e2\u05d1\u05d5\u05d3\u05d4 \u05e9\u05dc \u05de\u05d7\u05e7\u05e8 \u05d1\u05dc\u05e9\u05e0\u05d9 \u05e9\u05e2\u05e8\u05db\u05d5 \u05de\u05d5\u05de\u05d7\u05d9\u05dd \u05d1\u05de\u05d3\u05d9\u05e0\u05d5\u05ea \u05d4\u05d7\u05d1\u05e8\u05d5\u05ea \u05d1\u05de\u05d5\u05e2\u05e6\u05ea \u05d0\u05d9\u05e8\u05d5\u05e4\u05d4. \u05d4\u05de\u05d3\u05d3 \u05e4\u05d5\u05e8\u05e1\u05dd \u05d1\u05e9\u05e0\u05ea 2001 \u05d5\u05d4\u05d5\u05d0 \u05de\u05e6\u05d9\u05e2 \u05d3\u05e8\u05da \u05d7\u05e9\u05d9\u05d1\u05d4 \u05d7\u05d3\u05e9\u05d4 \u05dc\u05d7\u05dc\u05d5\u05d8\u05d9\u05df \u05d1\u05db\u05dc \u05d4\u05e0\u05d5\u05d2\u05e2 \u05dc\u05dc\u05d9\u05de\u05d5\u05d3 \u05e9\u05e4\u05d5\u05ea. \u05db\u05de\u05d5 \u05db\u05df \u05d4\u05de\u05d3\u05d3 \u05e7\u05d1\u05e2 \u05d1\u05e1\u05d9\u05e1 \u05de\u05e9\u05d5\u05ea\u05e3 \u05dc\u05ea\u05d9\u05d0\u05d5\u05e8 \u05ea\u05db\u05e0\u05d9\u05d5\u05ea \u05dc\u05d9\u05de\u05d5\u05d3\u05d9\u05dd, \u05e8\u05de\u05d5\u05ea \u05e9\u05e4\u05d4 \u05d5\u05ea\u05e2\u05d5\u05d3\u05d5\u05ea. \u05e7\u05d5\u05e8\u05e1\u05d9 \u05d4\u05e6\u05e8\u05e4\u05ea\u05d9\u05ea \u05d1\u05de\u05db\u05d5\u05df \u05d4\u05e6\u05e8\u05e4\u05ea\u05d9 \u05de\u05d5\u05ea\u05d0\u05de\u05d9\u05dd \u05dc\u05de\u05d3\u05d3 \u05d4\u05d0\u05d9\u05e8\u05d5\u05e4\u05d9, \u05d4\u05e7\u05d5\u05d1\u05e2 \u05e9\u05dc\u05d5\u05e9 \u05e8\u05de\u05d5\u05ea \u05db\u05dc\u05dc\u05d9\u05d5\u05ea, &hellip;","og_url":"https:\/\/www.ifjerusalem-romaingary.org\/he\/learn-french\/certifications\/","og_site_name":"Institut Fran\u00e7ais de J\u00e9rusalem","article_publisher":"https:\/\/www.facebook.com\/IFJGary\/","article_modified_time":"2020-02-21T10:31:17+00:00","og_image":[{"width":480,"height":163,"url":"https:\/\/www.ifjerusalem-romaingary.org\/wp-content\/uploads\/2020\/01\/logo-Cons-Jerusalem-IFJ-2016@2x.png","type":"image\/png"}],"twitter_card":"summary_large_image","twitter_site":"@ifjromaingary","twitter_misc":{"\u05d6\u05de\u05df \u05e7\u05e8\u05d9\u05d0\u05d4 \u05de\u05d5\u05e2\u05e8\u05da":"\u05d3\u05e7\u05d41"},"schema":{"@context":"https:\/\/schema.org","@graph":[{"@type":"WebPage","@id":"https:\/\/www.ifjerusalem-romaingary.org\/he\/learn-french\/certifications\/","url":"https:\/\/www.ifjerusalem-romaingary.org\/he\/learn-french\/certifications\/","name":"\u05ea\u05e2\u05d5\u05d3\u05d5\u05ea - Institut Fran\u00e7ais de J\u00e9rusalem","isPartOf":{"@id":"https:\/\/www.ifjerusalem-romaingary.org\/he\/#website"},"datePublished":"2017-06-13T16:54:47+00:00","dateModified":"2020-02-21T10:31:17+00:00","breadcrumb":{"@id":"https:\/\/www.ifjerusalem-romaingary.org\/he\/learn-french\/certifications\/#breadcrumb"},"inLanguage":"he-IL","potentialAction":[{"@type":"ReadAction","target":["https:\/\/www.ifjerusalem-romaingary.org\/he\/learn-french\/certifications\/"]}]},{"@type":"BreadcrumbList","@id":"https:\/\/www.ifjerusalem-romaingary.org\/he\/learn-french\/certifications\/#breadcrumb","itemListElement":[{"@type":"ListItem","position":1,"name":"Accueil","item":"https:\/\/www.ifjerusalem-romaingary.org\/he\/accueil\/"},{"@type":"ListItem","position":2,"name":"\u05dc\u05d9\u05de\u05d5\u05d3\u05d9 \u05e6\u05e8\u05e4\u05ea\u05d9\u05ea","item":"https:\/\/www.ifjerusalem-romaingary.org\/he\/learn-french\/"},{"@type":"ListItem","position":3,"name":"\u05ea\u05e2\u05d5\u05d3\u05d5\u05ea"}]},{"@type":"WebSite","@id":"https:\/\/www.ifjerusalem-romaingary.org\/he\/#website","url":"https:\/\/www.ifjerusalem-romaingary.org\/he\/","name":"Institut Fran\u00e7ais de J\u00e9rusalem","description":"Romain Gary","publisher":{"@id":"https:\/\/www.ifjerusalem-romaingary.org\/he\/#organization"},"potentialAction":[{"@type":"SearchAction","target":{"@type":"EntryPoint","urlTemplate":"https:\/\/www.ifjerusalem-romaingary.org\/he\/?s={search_term_string}"},"query-input":{"@type":"PropertyValueSpecification","valueRequired":true,"valueName":"search_term_string"}}],"inLanguage":"he-IL"},{"@type":"Organization","@id":"https:\/\/www.ifjerusalem-romaingary.org\/he\/#organization","name":"Institut fran\u00e7ais de Jerusalem","url":"https:\/\/www.ifjerusalem-romaingary.org\/he\/","logo":{"@type":"ImageObject","inLanguage":"he-IL","@id":"https:\/\/www.ifjerusalem-romaingary.org\/he\/#\/schema\/logo\/image\/","url":"https:\/\/www.ifjerusalem-romaingary.org\/wp-content\/uploads\/2020\/01\/logo-Cons-Jerusalem-IFJ-2016@2x.png","contentUrl":"https:\/\/www.ifjerusalem-romaingary.org\/wp-content\/uploads\/2020\/01\/logo-Cons-Jerusalem-IFJ-2016@2x.png","width":480,"height":163,"caption":"Institut fran\u00e7ais de Jerusalem"},"image":{"@id":"https:\/\/www.ifjerusalem-romaingary.org\/he\/#\/schema\/logo\/image\/"},"sameAs":["https:\/\/www.facebook.com\/IFJGary\/","https:\/\/x.com\/ifjromaingary"]}]}},"_links":{"self":[{"href":"https:\/\/www.ifjerusalem-romaingary.org\/he\/wp-json\/wp\/v2\/pages\/1857","targetHints":{"allow":["GET"]}}],"collection":[{"href":"https:\/\/www.ifjerusalem-romaingary.org\/he\/wp-json\/wp\/v2\/pages"}],"about":[{"href":"https:\/\/www.ifjerusalem-romaingary.org\/he\/wp-json\/wp\/v2\/types\/page"}],"author":[{"embeddable":true,"href":"https:\/\/www.ifjerusalem-romaingary.org\/he\/wp-json\/wp\/v2\/users\/1"}],"replies":[{"embeddable":true,"href":"https:\/\/www.ifjerusalem-romaingary.org\/he\/wp-json\/wp\/v2\/comments?post=1857"}],"version-history":[{"count":9,"href":"https:\/\/www.ifjerusalem-romaingary.org\/he\/wp-json\/wp\/v2\/pages\/1857\/revisions"}],"predecessor-version":[{"id":7060,"href":"https:\/\/www.ifjerusalem-romaingary.org\/he\/wp-json\/wp\/v2\/pages\/1857\/revisions\/7060"}],"up":[{"embeddable":true,"href":"https:\/\/www.ifjerusalem-romaingary.org\/he\/wp-json\/wp\/v2\/pages\/1855"}],"wp:attachment":[{"href":"https:\/\/www.ifjerusalem-romaingary.org\/he\/wp-json\/wp\/v2\/media?parent=1857"}],"curies":[{"name":"wp","href":"https:\/\/api.w.org\/{rel}","templated":true}]}}